{"id":16,"date":"2020-09-26T16:21:33","date_gmt":"2020-09-26T16:21:33","guid":{"rendered":"https:\/\/poestli-obersaxen.ch\/web\/?page_id=16"},"modified":"2025-06-25T19:32:06","modified_gmt":"2025-06-25T19:32:06","slug":"unser-haus","status":"publish","type":"page","link":"https:\/\/poestli-obersaxen.ch\/web\/unser-haus\/","title":{"rendered":"Unser Haus"},"content":{"rendered":"\n<p><\/p>\n\n\n\n<h2 class=\"wp-block-heading\">Das Hotel<\/h2>\n\n\n\n<p>Herzlich Willkommen im Hotel Restaurant P\u00f6stli in Obersaxen. Wir liegen eingebettet in der wundersch\u00f6nen Surselva im B\u00fcndnerland. Affeier liegt oberhalb Ilanz auf einem sonnigen und sch\u00f6nen Hochplateau auf 1200 m \u00fcber Meer.<\/p>\n\n\n\nngg_shortcode_0_placeholder\n\n\n\n<hr class=\"wp-block-separator has-css-opacity\"\/>\n\n\n\n<p><\/p>\n\n\n\n<h2 class=\"wp-block-heading\">Zimmer<\/h2>\n\n\n\n<p>Unsere Hotelzimmer sind alle mit Dusche, WC, TV und Haartrockner ausgestattet. F\u00fcr Familien haben wir Doppelzimmer mit Etagenbetten sowie Mehrbettzimmer f\u00fcr Gruppen. Auf der sch\u00f6nen Liegewiese k\u00f6nnen Sie sich entspannen und Ihre Kinder tummeln sich auf dem Spielplatz.<\/p>\n\n\n\n<p><strong>UG mit Sitzplatz und Dusche\/WC, TV und Haartrockner<\/strong><\/p>\n\n\n\n<p>Nr. 1 = 4er Zimmer<br>Nr. 2 = Doppelzimmer<br>Nr. 3 = Doppelzimmer<br>Nr. 4 = Doppelzimmer<\/p>\n\n\n\n<p><strong>Parterre mit Balkon und Dusche\/WC, TV und Haartrockner<\/strong><\/p>\n\n\n\n<p>Nr. 5 = Doppelzimmer<\/p>\n\n\n\n<p><strong>1.Stock mit Dusche\/WC, TV und Haartrockner<\/strong><\/p>\n\n\n\n<p>Nr. 6 = Doppelzimmer<\/p>\n\n\n\n<p><strong>2. Stock mit Dusche\/WC, TV und Haartrockner<\/strong><\/p>\n\n\n\n<p>Nr. 9 Doppelzimmer<br>Nr. 10 Doppelzimmer<br>Nr. 12 = 4-er ev. 5-erZimmer<\/p>\n\n\n\n<p><strong>3. Stock gemeinsame Benutzung der 2 Badezimmer mit Dusche\/WC und Haartrockner, 1 mit Badewanne<\/strong><\/p>\n\n\n\n<p>Nr. 31 = Doppelzimmer<br>Nr. 32 = Doppelzimmer<br>Nr. 33 = 3-Zimmer<br>Nr. 34 = Doppelzimmer<\/p>\n\n\n\n<p><\/p>\n\n\n\n<hr class=\"wp-block-separator has-css-opacity\"\/>\n\n\n\nngg_shortcode_1_placeholder\n\n\n\n<div class=\"wp-block-group\"><div class=\"wp-block-group__inner-container is-layout-flow wp-block-group-is-layout-flow\"><\/div><\/div>\n\n\n\n<h2 class=\"wp-block-heading\">Restaurant \/ K\u00fcche<\/h2>\n\n\n\n<p><\/p>\n\n\n\n<p>In Obersaxen pflegen wir haupts\u00e4chlich eine europ\u00e4ische K\u00fcche mit frischen, saisonalen und qualitativ hochwertigen Produkten. Meine geliebte Frau Samira entf\u00fchrt unsere G\u00e4ste nur allzu gern in die heimatlichen-orientalischen Kochk\u00fcnste wie z.B. vegetarisches Couscous, Tajine, Mosli etc.. Im gem\u00fctlichen S\u00e4li, im Restaurant oder auf der Sonnenterrasse verw\u00f6hnen wir Sie mit unseren K\u00f6stlichkeiten. Selbstverst\u00e4ndlich bieten wir auch Halbpension (3-Gang Menu) an. Betreut und verw\u00f6hnt werden unsere G\u00e4ste durch unsere fleissigen und stets freundlichen Mitarbeiter und Mitarbeiterinnen.<\/p>\n\n\n\n<p><strong>\u00d6ffnungszeiten<\/strong><\/p>\n\n\n\n<p>Das Restaurant ist f\u00fcr Sie in der Hauptsaison t\u00e4glich von 09.00 &#8211; 23.00 Uhr ge\u00f6ffnet.<br>Montag ganzer Tag Ruhetag<\/p>\n\n\n\n<p>Im gem\u00fctlichen Restaurant und auf der sch\u00f6nen Sonnenterrasse servieren wir Ihnen saisonale, einheimische und mediterrane \u00e0 la carte Gerichte, Hausspezialit\u00e4ten und Mittagsmen\u00fcs.<\/p>\n\n\n\n<p><strong>Take Away<\/strong><\/p>\n\n\n\n<div class=\"wp-block-file\"><a id=\"wp-block-file--media-5cd8b986-8ede-4da9-a366-860430a6d747\" href=\"https:\/\/poestli-obersaxen.ch\/web\/wp-content\/uploads\/2020\/10\/TakeAway_2020.pdf\" target=\"_blank\" rel=\"noreferrer noopener\">Ebenfalls bieten wir Take Away an<\/a><a href=\"https:\/\/poestli-obersaxen.ch\/web\/wp-content\/uploads\/2020\/10\/TakeAway_2020.pdf\" class=\"wp-block-file__button wp-element-button\" download aria-describedby=\"wp-block-file--media-5cd8b986-8ede-4da9-a366-860430a6d747\">Download<\/a><\/div>\n\n\n\n<p><strong>Speisekarte<\/strong><\/p>\n\n\n\n<div class=\"wp-block-file\"><a id=\"wp-block-file--media-769ff66b-f67e-49e3-af86-2e34c8c80b86\" href=\"https:\/\/poestli-obersaxen.ch\/web\/wp-content\/uploads\/2021\/04\/Spesekarte.pdf\" target=\"_blank\" rel=\"noreferrer noopener\">Spesekarte<\/a><a href=\"https:\/\/poestli-obersaxen.ch\/web\/wp-content\/uploads\/2021\/04\/Spesekarte.pdf\" class=\"wp-block-file__button wp-element-button\" download aria-describedby=\"wp-block-file--media-769ff66b-f67e-49e3-af86-2e34c8c80b86\">Download<\/a><\/div>\n\n\n\n<p><\/p>\n\n\n\nngg_shortcode_2_placeholder\n","protected":false},"excerpt":{"rendered":"<p>Das Hotel Herzlich Willkommen im Hotel Restaurant P\u00f6stli in Obersaxen. Wir liegen eingebettet in der &#8230; <\/p>\n<div class=\"text-center\"><a class=\"theme-btn\" href=\"https:\/\/poestli-obersaxen.ch\/web\/unser-haus\/\">Read More<\/a><\/div>\n","protected":false},"author":2,"featured_media":0,"parent":0,"menu_order":0,"comment_status":"closed","ping_status":"closed","template":"","meta":{"ngg_post_thumbnail":0,"footnotes":""},"class_list":["post-16","page","type-page","status-publish","hentry"],"_links":{"self":[{"href":"https:\/\/poestli-obersaxen.ch\/web\/wp-json\/wp\/v2\/pages\/16","targetHints":{"allow":["GET"]}}],"collection":[{"href":"https:\/\/poestli-obersaxen.ch\/web\/wp-json\/wp\/v2\/pages"}],"about":[{"href":"https:\/\/poestli-obersaxen.ch\/web\/wp-json\/wp\/v2\/types\/page"}],"author":[{"embeddable":true,"href":"https:\/\/poestli-obersaxen.ch\/web\/wp-json\/wp\/v2\/users\/2"}],"replies":[{"embeddable":true,"href":"https:\/\/poestli-obersaxen.ch\/web\/wp-json\/wp\/v2\/comments?post=16"}],"version-history":[{"count":47,"href":"https:\/\/poestli-obersaxen.ch\/web\/wp-json\/wp\/v2\/pages\/16\/revisions"}],"predecessor-version":[{"id":447,"href":"https:\/\/poestli-obersaxen.ch\/web\/wp-json\/wp\/v2\/pages\/16\/revisions\/447"}],"wp:attachment":[{"href":"https:\/\/poestli-obersaxen.ch\/web\/wp-json\/wp\/v2\/media?parent=16"}],"curies":[{"name":"wp","href":"https:\/\/api.w.org\/{rel}","templated":true}]}}